{"id":23,"date":"2020-11-10T00:13:39","date_gmt":"2020-11-09T23:13:39","guid":{"rendered":"https:\/\/loystique.org\/?page_id=23"},"modified":"2025-03-05T23:22:53","modified_gmt":"2025-03-05T22:22:53","slug":"leurope-une-solution-non-violente-aux-problemes-politiques","status":"publish","type":"page","link":"https:\/\/loystique.org\/?page_id=23","title":{"rendered":"L&#8217;Europe, une solution non-violente aux probl\u00e8mes politiques"},"content":{"rendered":"\n<figure class=\"wp-block-image size-large\"><img loading=\"lazy\" decoding=\"async\" width=\"640\" height=\"427\" src=\"https:\/\/loystique.org\/wp-content\/uploads\/2020\/11\/EU-Flag.jpg\" alt=\"\" class=\"wp-image-24\" srcset=\"https:\/\/loystique.org\/wp-content\/uploads\/2020\/11\/EU-Flag.jpg 640w, https:\/\/loystique.org\/wp-content\/uploads\/2020\/11\/EU-Flag-300x200.jpg 300w\" sizes=\"auto, (max-width: 640px) 100vw, 640px\" \/><\/figure>\n\n\n\n<p class=\"has-large-font-size\">La r\u00e9solution des tensions par le dialogue, la n\u00e9gociation et des compromis r\u00e9ciproques est la m\u00e9thode Europ\u00e9enne d&#8217;apaisement des conflits.<\/p>\n\n\n\n<p class=\"has-large-font-size\">Cependant, face aux \u00e9volutions r\u00e9centes des \u00e9quilibres g\u00e9ostrat\u00e9giques, il est devenu urgent et vital de construire une D\u00e9fense Europ\u00e9enne et une ind\u00e9pendance \u00e9nerg\u00e9tique. <\/p>\n\n\n\n<p class=\"has-large-font-size\">L&#8217;ann\u00e9e 2025 sera un tournant pour notre destin commun, et au-del\u00e0, pour tous les peuples du monde entier, qui aspirent \u00e0 la paix, \u00e0 la justice et \u00e0 des perspectives d&#8217;avenir viable face au changement climatique. <\/p>\n\n\n\n<p class=\"has-large-font-size\">Ce qui nous rassemble est plus fort que ce qui nous divise, alors unissons nos forces pour aller de l&#8217;avant !<\/p>\n","protected":false},"excerpt":{"rendered":"<p>La r\u00e9solution des tensions par le dialogue, la n\u00e9gociation et des compromis r\u00e9ciproques est la m\u00e9thode Europ\u00e9enne d&#8217;apaisement des conflits. Cependant, face aux \u00e9volutions r\u00e9centes des \u00e9quilibres g\u00e9ostrat\u00e9giques, il est devenu urgent et vital de construire une D\u00e9fense Europ\u00e9enne et une ind\u00e9pendance \u00e9nerg\u00e9tique. L&#8217;ann\u00e9e 2025 sera un tournant pour notre destin commun, et au-del\u00e0, pour &hellip; <\/p>\n<p><a class=\"more-link btn\" href=\"https:\/\/loystique.org\/?page_id=23\">Lire la suite<\/a><\/p>\n","protected":false},"author":1,"featured_media":0,"parent":0,"menu_order":0,"comment_status":"closed","ping_status":"closed","template":"","meta":{"footnotes":""},"class_list":["post-23","page","type-page","status-publish","hentry","nodate","item-wrap"],"_links":{"self":[{"href":"https:\/\/loystique.org\/index.php?rest_route=\/wp\/v2\/pages\/23","targetHints":{"allow":["GET"]}}],"collection":[{"href":"https:\/\/loystique.org\/index.php?rest_route=\/wp\/v2\/pages"}],"about":[{"href":"https:\/\/loystique.org\/index.php?rest_route=\/wp\/v2\/types\/page"}],"author":[{"embeddable":true,"href":"https:\/\/loystique.org\/index.php?rest_route=\/wp\/v2\/users\/1"}],"replies":[{"embeddable":true,"href":"https:\/\/loystique.org\/index.php?rest_route=%2Fwp%2Fv2%2Fcomments&post=23"}],"version-history":[{"count":3,"href":"https:\/\/loystique.org\/index.php?rest_route=\/wp\/v2\/pages\/23\/revisions"}],"predecessor-version":[{"id":151,"href":"https:\/\/loystique.org\/index.php?rest_route=\/wp\/v2\/pages\/23\/revisions\/151"}],"wp:attachment":[{"href":"https:\/\/loystique.org\/index.php?rest_route=%2Fwp%2Fv2%2Fmedia&parent=23"}],"curies":[{"name":"wp","href":"https:\/\/api.w.org\/{rel}","templated":true}]}}